{"id":342,"date":"2025-09-06T15:04:56","date_gmt":"2025-09-06T13:04:56","guid":{"rendered":"https:\/\/gtplus.idl.pl\/str2025\/?page_id=342"},"modified":"2025-09-06T21:18:42","modified_gmt":"2025-09-06T19:18:42","slug":"packshot-wizualizacja-bryly-3d","status":"publish","type":"page","link":"https:\/\/gtplus.idl.pl\/str2025\/index.php\/packshot-wizualizacja-bryly-3d\/","title":{"rendered":"Packshot , wizualizacja , bry\u0142y 3D"},"content":{"rendered":"\t\t<div data-elementor-type=\"wp-page\" data-elementor-id=\"342\" class=\"elementor elementor-342\" data-elementor-post-type=\"page\">\n\t\t\t\t<div class=\"elementor-element elementor-element-ad2866f e-grid e-con-boxed e-con e-parent\" data-id=\"ad2866f\" data-element_type=\"container\">\n\t\t\t\t\t<div class=\"e-con-inner\">\n\t\t\t\t<div class=\"elementor-element elementor-element-438eac85 elementor-widget elementor-widget-text-editor\" data-id=\"438eac85\" data-element_type=\"widget\" data-widget_type=\"text-editor.default\">\n\t\t\t\t\t\t\t\t\t\n<p>Dobre zdj\u0119cie czy wizualizacja potrafi\u0105 sprzeda\u0107 produkt szybciej ni\u017c najlepszy opis. W<br \/>naszym studiu tworzymy profesjonalne packshoty, wizualizacje oraz realistyczne modele 3D,<br \/>kt\u00f3re pomagaj\u0105 budowa\u0107 atrakcyjny wizerunek marki i skutecznie przyci\u0105gaj\u0105 uwag\u0119<br \/>klient\u00f3w.<\/p>\n\n<p><strong>Co robimy?<\/strong><\/p>\n\n<p>\u25cf <strong>Packshoty<\/strong> \u2013 zdj\u0119cia produkt\u00f3w na neutralnym tle, idealne do e-commerce,<br \/>katalog\u00f3w i materia\u0142\u00f3w reklamowych.<br \/>\u25cf <strong>Wizualizacje<\/strong> \u2013 fotorealistyczne uj\u0119cia produkt\u00f3w jeszcze przed ich fizycznym<br \/>powstaniem.<br \/>\u25cf <strong>Bry\u0142y 3D<\/strong> \u2013 modele przestrzenne odzie\u017cy, akcesori\u00f3w i innych produkt\u00f3w, kt\u00f3re<br \/>mo\u017cna dowolnie obraca\u0107, skalowa\u0107 i prezentowa\u0107 w r\u00f3\u017cnych wariantach.<\/p>\n\n<p>Dlaczego my?<\/p>\n\n<p>\u2714 dbamy o najwy\u017csz\u0105 jako\u015b\u0107 obrazu i detalu,<br \/>\u2714 zapewniamy sp\u00f3jno\u015b\u0107 z identyfikacj\u0105 wizualn\u0105 marki,<br \/>\u2714 optymalizujemy pliki pod e-commerce, social media i druk,<br \/>\u2714 dzi\u0119ki 3D i wizualizacjom skracamy czas wprowadzania produkt\u00f3w na rynek.<\/p>\n\n<p>Z nami Twoje produkty zyskaj\u0105 profesjonaln\u0105 opraw\u0119 wizualn\u0105, kt\u00f3ra prze\u0142o\u017cy si\u0119 na realne<br \/>wyniki sprzeda\u017cy i wyr\u00f3\u017cni mark\u0119 na tle konkurencji.<\/p>\n\t\t\t\t\t\t\t\t<\/div>\n\t\t\t\t<div class=\"elementor-element elementor-element-6f63deb elementor-widget elementor-widget-image\" data-id=\"6f63deb\" data-element_type=\"widget\" data-widget_type=\"image.default\">\n\t\t\t\t\t\t\t\t\t\t\t\t\t\t\t<img fetchpriority=\"high\" decoding=\"async\" width=\"800\" height=\"311\" src=\"https:\/\/gtplus.idl.pl\/str2025\/wp-content\/uploads\/2025\/09\/bryla-3d-copy-1024x398.jpg\" class=\"attachment-large size-large wp-image-302\" alt=\"\" srcset=\"https:\/\/gtplus.idl.pl\/str2025\/wp-content\/uploads\/2025\/09\/bryla-3d-copy-1024x398.jpg 1024w, https:\/\/gtplus.idl.pl\/str2025\/wp-content\/uploads\/2025\/09\/bryla-3d-copy-300x117.jpg 300w, https:\/\/gtplus.idl.pl\/str2025\/wp-content\/uploads\/2025\/09\/bryla-3d-copy-768x299.jpg 768w, https:\/\/gtplus.idl.pl\/str2025\/wp-content\/uploads\/2025\/09\/bryla-3d-copy.jpg 1487w\" sizes=\"(max-width: 800px) 100vw, 800px\" \/>\t\t\t\t\t\t\t\t\t\t\t\t\t\t\t<\/div>\n\t\t\t\t\t<\/div>\n\t\t\t\t<\/div>\n\t\t\t\t<\/div>\n\t\t","protected":false},"excerpt":{"rendered":"<p>Dobre zdj\u0119cie czy wizualizacja potrafi\u0105 sprzeda\u0107 produkt szybciej ni\u017c najlepszy opis. Wnaszym studiu tworzymy profesjonalne packshoty, wizualizacje oraz realistyczne modele 3D,kt\u00f3re pomagaj\u0105 budowa\u0107 atrakcyjny wizerunek marki i skutecznie przyci\u0105gaj\u0105 uwag\u0119klient\u00f3w. Co robimy? \u25cf Packshoty \u2013 zdj\u0119cia produkt\u00f3w na neutralnym tle, idealne do e-commerce,katalog\u00f3w i materia\u0142\u00f3w reklamowych.\u25cf Wizualizacje \u2013 fotorealistyczne uj\u0119cia produkt\u00f3w jeszcze przed ich fizycznympowstaniem.\u25cf [&hellip;]<\/p>\n","protected":false},"author":1,"featured_media":0,"parent":0,"menu_order":0,"comment_status":"closed","ping_status":"closed","template":"","meta":{"footnotes":""},"class_list":["post-342","page","type-page","status-publish","hentry"],"_links":{"self":[{"href":"https:\/\/gtplus.idl.pl\/str2025\/index.php\/wp-json\/wp\/v2\/pages\/342","targetHints":{"allow":["GET"]}}],"collection":[{"href":"https:\/\/gtplus.idl.pl\/str2025\/index.php\/wp-json\/wp\/v2\/pages"}],"about":[{"href":"https:\/\/gtplus.idl.pl\/str2025\/index.php\/wp-json\/wp\/v2\/types\/page"}],"author":[{"embeddable":true,"href":"https:\/\/gtplus.idl.pl\/str2025\/index.php\/wp-json\/wp\/v2\/users\/1"}],"replies":[{"embeddable":true,"href":"https:\/\/gtplus.idl.pl\/str2025\/index.php\/wp-json\/wp\/v2\/comments?post=342"}],"version-history":[{"count":7,"href":"https:\/\/gtplus.idl.pl\/str2025\/index.php\/wp-json\/wp\/v2\/pages\/342\/revisions"}],"predecessor-version":[{"id":384,"href":"https:\/\/gtplus.idl.pl\/str2025\/index.php\/wp-json\/wp\/v2\/pages\/342\/revisions\/384"}],"wp:attachment":[{"href":"https:\/\/gtplus.idl.pl\/str2025\/index.php\/wp-json\/wp\/v2\/media?parent=342"}],"curies":[{"name":"wp","href":"https:\/\/api.w.org\/{rel}","templated":true}]}}