{"id":340,"date":"2025-09-06T15:03:47","date_gmt":"2025-09-06T13:03:47","guid":{"rendered":"https:\/\/gtplus.idl.pl\/str2025\/?page_id=340"},"modified":"2025-09-06T21:17:58","modified_gmt":"2025-09-06T19:17:58","slug":"przygotowywanie-rozkladek-do-druku-na-wykrojach","status":"publish","type":"page","link":"https:\/\/gtplus.idl.pl\/str2025\/index.php\/przygotowywanie-rozkladek-do-druku-na-wykrojach\/","title":{"rendered":"Przygotowywanie rozk\u0142adek do druku na wykrojach"},"content":{"rendered":"\t\t<div data-elementor-type=\"wp-page\" data-elementor-id=\"340\" class=\"elementor elementor-340\" data-elementor-post-type=\"page\">\n\t\t\t\t<div class=\"elementor-element elementor-element-1bdea6e e-grid e-con-boxed e-con e-parent\" data-id=\"1bdea6e\" data-element_type=\"container\">\n\t\t\t\t\t<div class=\"e-con-inner\">\n\t\t\t\t<div class=\"elementor-element elementor-element-4215e332 elementor-widget elementor-widget-text-editor\" data-id=\"4215e332\" data-element_type=\"widget\" data-widget_type=\"text-editor.default\">\n\t\t\t\t\t\t\t\t\t\n<p>Profesjonalnie przygotowane rozk\u0142adki s\u0105 kluczowe, aby nadruk idealnie dopasowa\u0142 si\u0119 do<br \/>wykroju odzie\u017cy. W naszym studiu dbamy o to, by projekt graficzny wygl\u0105da\u0142 dok\u0142adnie tak,<br \/>jak zosta\u0142 zaplanowany \u2013 bez przesuni\u0119\u0107, zniekszta\u0142ce\u0144 czy utraty jako\u015bci.<\/p>\n\n<p>Pracujemy na bazie wykroj\u00f3w dostarczonych przez klienta lub przygotowujemy je od zera.<br \/>Tworzymy rozk\u0142adki w taki spos\u00f3b, aby ka\u017cdy element nadruku trafia\u0142 we w\u0142a\u015bciwe miejsce<\/p>\n\n<p>Co zapewniamy?<br \/>\u25cf dopasowanie wzoru do wykroju odzie\u017cy,<br \/>\u25cf precyzyjne przygotowanie plik\u00f3w produkcyjnych,<br \/>\u25cf optymalizacj\u0119 pod wybran\u0105 technik\u0119 druku (sublimacja, sitodruk, druk cyfrowy),<br \/>\u25cf kontrol\u0119 jako\u015bci projektu przed wdro\u017ceniem do produkcji.<\/p>\n\n<p>Dlaczego my?<\/p>\n\n<p>Dzi\u0119ki naszej pracy ubrania nie tylko \u015bwietnie wygl\u0105daj\u0105, ale te\u017c zachowuj\u0105 sp\u00f3jno\u015b\u0107<br \/>wizualn\u0105 w ca\u0142ej kolekcji. To gwarancja, \u017ce efekt ko\u0144cowy b\u0119dzie dok\u0142adnie taki, jak<br \/>oczekujesz \u2013 od pierwszej sztuki po du\u017c\u0105 seri\u0119.<\/p>\n\t\t\t\t\t\t\t\t<\/div>\n\t\t\t\t<div class=\"elementor-element elementor-element-6321bd5 elementor-widget elementor-widget-image\" data-id=\"6321bd5\" data-element_type=\"widget\" data-widget_type=\"image.default\">\n\t\t\t\t\t\t\t\t\t\t\t\t\t\t\t<img fetchpriority=\"high\" decoding=\"async\" width=\"800\" height=\"407\" src=\"https:\/\/gtplus.idl.pl\/str2025\/wp-content\/uploads\/2025\/09\/zdjecie-nr-3.jpg\" class=\"attachment-large size-large wp-image-320\" alt=\"\" \/>\t\t\t\t\t\t\t\t\t\t\t\t\t\t\t<\/div>\n\t\t\t\t\t<\/div>\n\t\t\t\t<\/div>\n\t\t\t\t<\/div>\n\t\t","protected":false},"excerpt":{"rendered":"<p>Profesjonalnie przygotowane rozk\u0142adki s\u0105 kluczowe, aby nadruk idealnie dopasowa\u0142 si\u0119 dowykroju odzie\u017cy. W naszym studiu dbamy o to, by projekt graficzny wygl\u0105da\u0142 dok\u0142adnie tak,jak zosta\u0142 zaplanowany \u2013 bez przesuni\u0119\u0107, zniekszta\u0142ce\u0144 czy utraty jako\u015bci. Pracujemy na bazie wykroj\u00f3w dostarczonych przez klienta lub przygotowujemy je od zera.Tworzymy rozk\u0142adki w taki spos\u00f3b, aby ka\u017cdy element nadruku trafia\u0142 we [&hellip;]<\/p>\n","protected":false},"author":1,"featured_media":0,"parent":0,"menu_order":0,"comment_status":"closed","ping_status":"closed","template":"","meta":{"footnotes":""},"class_list":["post-340","page","type-page","status-publish","hentry"],"_links":{"self":[{"href":"https:\/\/gtplus.idl.pl\/str2025\/index.php\/wp-json\/wp\/v2\/pages\/340","targetHints":{"allow":["GET"]}}],"collection":[{"href":"https:\/\/gtplus.idl.pl\/str2025\/index.php\/wp-json\/wp\/v2\/pages"}],"about":[{"href":"https:\/\/gtplus.idl.pl\/str2025\/index.php\/wp-json\/wp\/v2\/types\/page"}],"author":[{"embeddable":true,"href":"https:\/\/gtplus.idl.pl\/str2025\/index.php\/wp-json\/wp\/v2\/users\/1"}],"replies":[{"embeddable":true,"href":"https:\/\/gtplus.idl.pl\/str2025\/index.php\/wp-json\/wp\/v2\/comments?post=340"}],"version-history":[{"count":4,"href":"https:\/\/gtplus.idl.pl\/str2025\/index.php\/wp-json\/wp\/v2\/pages\/340\/revisions"}],"predecessor-version":[{"id":378,"href":"https:\/\/gtplus.idl.pl\/str2025\/index.php\/wp-json\/wp\/v2\/pages\/340\/revisions\/378"}],"wp:attachment":[{"href":"https:\/\/gtplus.idl.pl\/str2025\/index.php\/wp-json\/wp\/v2\/media?parent=340"}],"curies":[{"name":"wp","href":"https:\/\/api.w.org\/{rel}","templated":true}]}}