{"id":338,"date":"2025-09-06T15:02:54","date_gmt":"2025-09-06T13:02:54","guid":{"rendered":"https:\/\/gtplus.idl.pl\/str2025\/?page_id=338"},"modified":"2025-09-06T21:16:48","modified_gmt":"2025-09-06T19:16:48","slug":"projektowanie-graficzne","status":"publish","type":"page","link":"https:\/\/gtplus.idl.pl\/str2025\/index.php\/projektowanie-graficzne\/","title":{"rendered":"Projektowanie graficzne"},"content":{"rendered":"\t\t<div data-elementor-type=\"wp-page\" data-elementor-id=\"338\" class=\"elementor elementor-338\" data-elementor-post-type=\"page\">\n\t\t\t\t<div class=\"elementor-element elementor-element-9c16e3f e-grid e-con-boxed e-con e-parent\" data-id=\"9c16e3f\" data-element_type=\"container\">\n\t\t\t\t\t<div class=\"e-con-inner\">\n\t\t\t\t<div class=\"elementor-element elementor-element-12731785 elementor-widget elementor-widget-text-editor\" data-id=\"12731785\" data-element_type=\"widget\" data-widget_type=\"text-editor.default\">\n\t\t\t\t\t\t\t\t\t\n<p>Tworzymy grafiki i nadruki, kt\u00f3re sprawiaj\u0105, \u017ce ubrania staj\u0105 si\u0119 niepowtarzalne. Ka\u017cdy<br \/>projekt to po\u0142\u0105czenie estetyki, trend\u00f3w i charakteru Twojej marki.<\/p>\n\n<p>Co robimy?<br \/>\u25cf projektujemy wzory od podstaw,<br \/>\u25cf od\u015bwie\u017camy istniej\u0105ce grafiki,<br \/>\u25cf przygotowujemy ca\u0142e kolekcje nadruk\u00f3w,<br \/>\u25cf tworzymy logotypy i znaki rozpoznawcze.<\/p>\n\n<p>Dlaczego my?<\/p>\n\n<p>Wz\u00f3r na ubraniu to cz\u0119sto pow\u00f3d, dla kt\u00f3rego klient si\u0119ga po dany produkt. Dlatego dbamy,<br \/>by nasze projekty by\u0142y dopracowane w ka\u017cdym detalu \u2013 przyci\u0105ga\u0142y wzrok, budzi\u0142y emocje i<br \/>wyr\u00f3\u017cnia\u0142y Twoj\u0105 mark\u0119.<\/p>\n\n<p>Z nami Twoja odzie\u017c nie b\u0119dzie tylko ubraniem \u2013 stanie si\u0119 manifestem stylu.<\/p>\n\t\t\t\t\t\t\t\t<\/div>\n\t\t\t\t<div class=\"elementor-element elementor-element-939477e elementor-widget elementor-widget-image\" data-id=\"939477e\" data-element_type=\"widget\" data-widget_type=\"image.default\">\n\t\t\t\t\t\t\t\t\t\t\t\t\t\t\t<img fetchpriority=\"high\" decoding=\"async\" width=\"800\" height=\"450\" src=\"https:\/\/gtplus.idl.pl\/str2025\/wp-content\/uploads\/2025\/09\/prjekty-graficzne-1024x576.jpg\" class=\"attachment-large size-large wp-image-372\" alt=\"\" srcset=\"https:\/\/gtplus.idl.pl\/str2025\/wp-content\/uploads\/2025\/09\/prjekty-graficzne-1024x576.jpg 1024w, https:\/\/gtplus.idl.pl\/str2025\/wp-content\/uploads\/2025\/09\/prjekty-graficzne-300x169.jpg 300w, https:\/\/gtplus.idl.pl\/str2025\/wp-content\/uploads\/2025\/09\/prjekty-graficzne-768x432.jpg 768w, https:\/\/gtplus.idl.pl\/str2025\/wp-content\/uploads\/2025\/09\/prjekty-graficzne-1536x864.jpg 1536w, https:\/\/gtplus.idl.pl\/str2025\/wp-content\/uploads\/2025\/09\/prjekty-graficzne.jpg 1920w\" sizes=\"(max-width: 800px) 100vw, 800px\" \/>\t\t\t\t\t\t\t\t\t\t\t\t\t\t\t<\/div>\n\t\t\t\t\t<\/div>\n\t\t\t\t<\/div>\n\t\t\t\t<\/div>\n\t\t","protected":false},"excerpt":{"rendered":"<p>Tworzymy grafiki i nadruki, kt\u00f3re sprawiaj\u0105, \u017ce ubrania staj\u0105 si\u0119 niepowtarzalne. Ka\u017cdyprojekt to po\u0142\u0105czenie estetyki, trend\u00f3w i charakteru Twojej marki. Co robimy?\u25cf projektujemy wzory od podstaw,\u25cf od\u015bwie\u017camy istniej\u0105ce grafiki,\u25cf przygotowujemy ca\u0142e kolekcje nadruk\u00f3w,\u25cf tworzymy logotypy i znaki rozpoznawcze. Dlaczego my? Wz\u00f3r na ubraniu to cz\u0119sto pow\u00f3d, dla kt\u00f3rego klient si\u0119ga po dany produkt. Dlatego dbamy,by [&hellip;]<\/p>\n","protected":false},"author":1,"featured_media":0,"parent":0,"menu_order":0,"comment_status":"closed","ping_status":"closed","template":"","meta":{"footnotes":""},"class_list":["post-338","page","type-page","status-publish","hentry"],"_links":{"self":[{"href":"https:\/\/gtplus.idl.pl\/str2025\/index.php\/wp-json\/wp\/v2\/pages\/338","targetHints":{"allow":["GET"]}}],"collection":[{"href":"https:\/\/gtplus.idl.pl\/str2025\/index.php\/wp-json\/wp\/v2\/pages"}],"about":[{"href":"https:\/\/gtplus.idl.pl\/str2025\/index.php\/wp-json\/wp\/v2\/types\/page"}],"author":[{"embeddable":true,"href":"https:\/\/gtplus.idl.pl\/str2025\/index.php\/wp-json\/wp\/v2\/users\/1"}],"replies":[{"embeddable":true,"href":"https:\/\/gtplus.idl.pl\/str2025\/index.php\/wp-json\/wp\/v2\/comments?post=338"}],"version-history":[{"count":4,"href":"https:\/\/gtplus.idl.pl\/str2025\/index.php\/wp-json\/wp\/v2\/pages\/338\/revisions"}],"predecessor-version":[{"id":375,"href":"https:\/\/gtplus.idl.pl\/str2025\/index.php\/wp-json\/wp\/v2\/pages\/338\/revisions\/375"}],"wp:attachment":[{"href":"https:\/\/gtplus.idl.pl\/str2025\/index.php\/wp-json\/wp\/v2\/media?parent=338"}],"curies":[{"name":"wp","href":"https:\/\/api.w.org\/{rel}","templated":true}]}}