{"id":229,"date":"2025-09-04T22:40:22","date_gmt":"2025-09-04T20:40:22","guid":{"rendered":"https:\/\/gtplus.idl.pl\/str2025\/?page_id=229"},"modified":"2025-09-08T00:13:20","modified_gmt":"2025-09-07T22:13:20","slug":"oferta","status":"publish","type":"page","link":"https:\/\/gtplus.idl.pl\/str2025\/index.php\/oferta\/","title":{"rendered":"Oferta"},"content":{"rendered":"\t\t<div data-elementor-type=\"wp-page\" data-elementor-id=\"229\" class=\"elementor elementor-229\" data-elementor-post-type=\"page\">\n\t\t\t\t<div class=\"elementor-element elementor-element-daa01bb e-flex e-con-boxed e-con e-parent\" data-id=\"daa01bb\" data-element_type=\"container\">\n\t\t\t\t\t<div class=\"e-con-inner\">\n\t\t\t\t\t<\/div>\n\t\t\t\t<\/div>\n\t\t<div class=\"elementor-element elementor-element-8262cf4 e-grid e-con-boxed e-con e-parent\" data-id=\"8262cf4\" data-element_type=\"container\">\n\t\t\t\t\t<div class=\"e-con-inner\">\n\t\t\t\t<div class=\"elementor-element elementor-element-499c5c0 elementor-widget elementor-widget-text-editor\" data-id=\"499c5c0\" data-element_type=\"widget\" data-widget_type=\"text-editor.default\">\n\t\t\t\t\t\t\t\t\t<div class=\"page-header\"><h1 class=\"entry-title\">Projektowanie graficzne<\/h1><\/div><div><div class=\"elementor-element elementor-element-12731785 elementor-widget elementor-widget-text-editor\" data-id=\"12731785\" data-element_type=\"widget\" data-widget_type=\"text-editor.default\"><p>Tworzymy grafiki i nadruki, kt\u00f3re sprawiaj\u0105, \u017ce ubrania staj\u0105 si\u0119 niepowtarzalne. Ka\u017cdy<br \/>projekt to po\u0142\u0105czenie estetyki, trend\u00f3w i charakteru Twojej marki.<\/p><p>Co robimy?<br \/>\u25cf projektujemy wzory od podstaw,<br \/>\u25cf od\u015bwie\u017camy istniej\u0105ce grafiki,<br \/>\u25cf przygotowujemy ca\u0142e kolekcje nadruk\u00f3w,<br \/>\u25cf tworzymy logotypy i znaki rozpoznawcze.<\/p><p>Dlaczego my?<\/p><p>Wz\u00f3r na ubraniu to cz\u0119sto pow\u00f3d, dla kt\u00f3rego klient si\u0119ga po dany produkt. Dlatego dbamy,<br \/>by nasze projekty by\u0142y dopracowane w ka\u017cdym detalu \u2013 przyci\u0105ga\u0142y wzrok, budzi\u0142y emocje i<br \/>wyr\u00f3\u017cnia\u0142y Twoj\u0105 mark\u0119.<\/p><p>Z nami Twoja odzie\u017c nie b\u0119dzie tylko ubraniem \u2013 stanie si\u0119 manifestem stylu.<\/p><\/div><\/div>\t\t\t\t\t\t\t\t<\/div>\n\t\t\t\t<div class=\"elementor-element elementor-element-89fb7a3 elementor-widget elementor-widget-image\" data-id=\"89fb7a3\" data-element_type=\"widget\" data-widget_type=\"image.default\">\n\t\t\t\t\t\t\t\t\t\t\t\t\t\t\t<img fetchpriority=\"high\" decoding=\"async\" width=\"800\" height=\"450\" src=\"https:\/\/gtplus.idl.pl\/str2025\/wp-content\/uploads\/2025\/09\/prjekty-graficzne-1024x576.jpg\" class=\"attachment-large size-large wp-image-372\" alt=\"\" srcset=\"https:\/\/gtplus.idl.pl\/str2025\/wp-content\/uploads\/2025\/09\/prjekty-graficzne-1024x576.jpg 1024w, https:\/\/gtplus.idl.pl\/str2025\/wp-content\/uploads\/2025\/09\/prjekty-graficzne-300x169.jpg 300w, https:\/\/gtplus.idl.pl\/str2025\/wp-content\/uploads\/2025\/09\/prjekty-graficzne-768x432.jpg 768w, https:\/\/gtplus.idl.pl\/str2025\/wp-content\/uploads\/2025\/09\/prjekty-graficzne-1536x864.jpg 1536w, https:\/\/gtplus.idl.pl\/str2025\/wp-content\/uploads\/2025\/09\/prjekty-graficzne.jpg 1920w\" sizes=\"(max-width: 800px) 100vw, 800px\" \/>\t\t\t\t\t\t\t\t\t\t\t\t\t\t\t<\/div>\n\t\t\t\t\t<\/div>\n\t\t\t\t<\/div>\n\t\t<div class=\"elementor-element elementor-element-6275613 e-grid e-con-boxed e-con e-parent\" data-id=\"6275613\" data-element_type=\"container\">\n\t\t\t\t\t<div class=\"e-con-inner\">\n\t\t\t\t<div class=\"elementor-element elementor-element-0ed76e3 elementor-widget elementor-widget-button\" data-id=\"0ed76e3\" data-element_type=\"widget\" data-widget_type=\"button.default\">\n\t\t\t\t\t\t\t\t\t\t<a class=\"elementor-button elementor-button-link elementor-size-sm\" href=\"https:\/\/gtplus.idl.pl\/str2025\/index.php\/projektowanie-graficzne\/\">\n\t\t\t\t\t\t<span class=\"elementor-button-content-wrapper\">\n\t\t\t\t\t\t\t\t\t<span class=\"elementor-button-text\">Wi\u0119cej<\/span>\n\t\t\t\t\t<\/span>\n\t\t\t\t\t<\/a>\n\t\t\t\t\t\t\t\t<\/div>\n\t\t\t\t\t<\/div>\n\t\t\t\t<\/div>\n\t\t<div class=\"elementor-element elementor-element-82d8563 e-grid e-con-boxed e-con e-parent\" data-id=\"82d8563\" data-element_type=\"container\">\n\t\t\t\t\t<div class=\"e-con-inner\">\n\t\t\t\t<div class=\"elementor-element elementor-element-bb9d2a0 elementor-widget elementor-widget-image\" data-id=\"bb9d2a0\" data-element_type=\"widget\" data-widget_type=\"image.default\">\n\t\t\t\t\t\t\t\t\t\t\t\t\t\t\t<img decoding=\"async\" width=\"800\" height=\"407\" src=\"https:\/\/gtplus.idl.pl\/str2025\/wp-content\/uploads\/2025\/09\/zdjecie-nr-3.jpg\" class=\"attachment-large size-large wp-image-320\" alt=\"\" \/>\t\t\t\t\t\t\t\t\t\t\t\t\t\t\t<\/div>\n\t\t\t\t<div class=\"elementor-element elementor-element-c01555c elementor-widget elementor-widget-text-editor\" data-id=\"c01555c\" data-element_type=\"widget\" data-widget_type=\"text-editor.default\">\n\t\t\t\t\t\t\t\t\t<div class=\"page-header\"><h1 class=\"entry-title\">Przygotowywanie rozk\u0142adek do druku na wykrojach<\/h1><\/div><div>\u00a0<\/div><div><div class=\"elementor-element elementor-element-4215e332 elementor-widget elementor-widget-text-editor\" data-id=\"4215e332\" data-element_type=\"widget\" data-widget_type=\"text-editor.default\"><p>Profesjonalnie przygotowane rozk\u0142adki s\u0105 kluczowe, aby nadruk idealnie dopasowa\u0142 si\u0119 do<br \/>wykroju odzie\u017cy. W naszym studiu dbamy o to, by projekt graficzny wygl\u0105da\u0142 dok\u0142adnie tak,<br \/>jak zosta\u0142 zaplanowany \u2013 bez przesuni\u0119\u0107, zniekszta\u0142ce\u0144 czy utraty jako\u015bci.<\/p><p>Pracujemy na bazie wykroj\u00f3w dostarczonych przez klienta lub przygotowujemy je od zera.<br \/>Tworzymy rozk\u0142adki w taki spos\u00f3b, aby ka\u017cdy element nadruku trafia\u0142 we w\u0142a\u015bciwe miejsce<\/p><p>Co zapewniamy?<br \/>\u25cf dopasowanie wzoru do wykroju odzie\u017cy,<br \/>\u25cf precyzyjne przygotowanie plik\u00f3w produkcyjnych,<br \/>\u25cf optymalizacj\u0119 pod wybran\u0105 technik\u0119 druku (sublimacja, sitodruk, druk cyfrowy),<br \/>\u25cf kontrol\u0119 jako\u015bci projektu przed wdro\u017ceniem do produkcji.<\/p><p>Dlaczego my?<\/p><p>Dzi\u0119ki naszej pracy ubrania nie tylko \u015bwietnie wygl\u0105daj\u0105, ale te\u017c zachowuj\u0105 sp\u00f3jno\u015b\u0107<br \/>wizualn\u0105 w ca\u0142ej kolekcji. To gwarancja, \u017ce efekt ko\u0144cowy b\u0119dzie dok\u0142adnie taki, jak<br \/>oczekujesz \u2013 od pierwszej sztuki po du\u017c\u0105 seri\u0119.<\/p><\/div><\/div>\t\t\t\t\t\t\t\t<\/div>\n\t\t\t\t\t<\/div>\n\t\t\t\t<\/div>\n\t\t<div class=\"elementor-element elementor-element-7a58ba9 e-grid e-con-boxed e-con e-parent\" data-id=\"7a58ba9\" data-element_type=\"container\">\n\t\t\t\t\t<div class=\"e-con-inner\">\n\t\t\t\t<div class=\"elementor-element elementor-element-3cd330c elementor-widget-divider--view-line elementor-widget elementor-widget-divider\" data-id=\"3cd330c\" data-element_type=\"widget\" data-widget_type=\"divider.default\">\n\t\t\t\t\t\t\t<div class=\"elementor-divider\">\n\t\t\t<span class=\"elementor-divider-separator\">\n\t\t\t\t\t\t<\/span>\n\t\t<\/div>\n\t\t\t\t\t\t<\/div>\n\t\t\t\t<div class=\"elementor-element elementor-element-b559b6c elementor-align-right elementor-widget elementor-widget-button\" data-id=\"b559b6c\" data-element_type=\"widget\" data-widget_type=\"button.default\">\n\t\t\t\t\t\t\t\t\t\t<a class=\"elementor-button elementor-button-link elementor-size-sm\" href=\"https:\/\/gtplus.idl.pl\/str2025\/index.php\/przygotowywanie-rozkladek-do-druku-na-wykrojach\/\">\n\t\t\t\t\t\t<span class=\"elementor-button-content-wrapper\">\n\t\t\t\t\t\t\t\t\t<span class=\"elementor-button-text\">Wi\u0119cej<\/span>\n\t\t\t\t\t<\/span>\n\t\t\t\t\t<\/a>\n\t\t\t\t\t\t\t\t<\/div>\n\t\t\t\t\t<\/div>\n\t\t\t\t<\/div>\n\t\t<div class=\"elementor-element elementor-element-dee5827 e-grid e-con-boxed e-con e-parent\" data-id=\"dee5827\" data-element_type=\"container\">\n\t\t\t\t\t<div class=\"e-con-inner\">\n\t\t\t\t<div class=\"elementor-element elementor-element-7a93990 elementor-widget elementor-widget-text-editor\" data-id=\"7a93990\" data-element_type=\"widget\" data-widget_type=\"text-editor.default\">\n\t\t\t\t\t\t\t\t\t<div class=\"elementor-element elementor-element-bb01ce7 elementor-widget elementor-widget-text-editor\" data-id=\"bb01ce7\" data-element_type=\"widget\" data-widget_type=\"text-editor.default\"><div class=\"page-header\"><h1 class=\"entry-title\">Packshot , wizualizacja , bry\u0142y 3D<\/h1><div class=\"elementor-element elementor-element-438eac85 elementor-widget elementor-widget-text-editor\" data-id=\"438eac85\" data-element_type=\"widget\" data-widget_type=\"text-editor.default\"><p>Dobre zdj\u0119cie czy wizualizacja potrafi\u0105 sprzeda\u0107 produkt szybciej ni\u017c najlepszy opis. W<br \/>naszym studiu tworzymy profesjonalne packshoty, wizualizacje oraz realistyczne modele 3D,<br \/>kt\u00f3re pomagaj\u0105 budowa\u0107 atrakcyjny wizerunek marki i skutecznie przyci\u0105gaj\u0105 uwag\u0119<br \/>klient\u00f3w.<\/p><p><strong>Co robimy?<\/strong><\/p><p>\u25cf <strong>Packshoty<\/strong> \u2013 zdj\u0119cia produkt\u00f3w na neutralnym tle, idealne do e-commerce,<br \/>katalog\u00f3w i materia\u0142\u00f3w reklamowych.<br \/>\u25cf <strong>Wizualizacje<\/strong> \u2013 fotorealistyczne uj\u0119cia produkt\u00f3w jeszcze przed ich fizycznym<br \/>powstaniem.<br \/>\u25cf <strong>Bry\u0142y 3D<\/strong> \u2013 modele przestrzenne odzie\u017cy, akcesori\u00f3w i innych produkt\u00f3w, kt\u00f3re<br \/>mo\u017cna dowolnie obraca\u0107, skalowa\u0107 i prezentowa\u0107 w r\u00f3\u017cnych wariantach.<\/p><p>Dlaczego my?<\/p><p>\u2714 dbamy o najwy\u017csz\u0105 jako\u015b\u0107 obrazu i detalu,<br \/>\u2714 zapewniamy sp\u00f3jno\u015b\u0107 z identyfikacj\u0105 wizualn\u0105 marki,<br \/>\u2714 optymalizujemy pliki pod e-commerce, social media i druk,<br \/>\u2714 dzi\u0119ki 3D i wizualizacjom skracamy czas wprowadzania produkt\u00f3w na rynek.<\/p><p>Z nami Twoje produkty zyskaj\u0105 profesjonaln\u0105 opraw\u0119 wizualn\u0105, kt\u00f3ra prze\u0142o\u017cy si\u0119 na realne<br \/>wyniki sprzeda\u017cy i wyr\u00f3\u017cni mark\u0119 na tle konkurencji.<\/p><\/div><\/div><\/div>\t\t\t\t\t\t\t\t<\/div>\n\t\t\t\t<div class=\"elementor-element elementor-element-f82862a elementor-widget elementor-widget-image\" data-id=\"f82862a\" data-element_type=\"widget\" data-widget_type=\"image.default\">\n\t\t\t\t\t\t\t\t\t\t\t\t\t\t\t<img decoding=\"async\" width=\"800\" height=\"311\" src=\"https:\/\/gtplus.idl.pl\/str2025\/wp-content\/uploads\/2025\/09\/bryla-3d-copy-1024x398.jpg\" class=\"attachment-large size-large wp-image-302\" alt=\"\" srcset=\"https:\/\/gtplus.idl.pl\/str2025\/wp-content\/uploads\/2025\/09\/bryla-3d-copy-1024x398.jpg 1024w, https:\/\/gtplus.idl.pl\/str2025\/wp-content\/uploads\/2025\/09\/bryla-3d-copy-300x117.jpg 300w, https:\/\/gtplus.idl.pl\/str2025\/wp-content\/uploads\/2025\/09\/bryla-3d-copy-768x299.jpg 768w, https:\/\/gtplus.idl.pl\/str2025\/wp-content\/uploads\/2025\/09\/bryla-3d-copy.jpg 1487w\" sizes=\"(max-width: 800px) 100vw, 800px\" \/>\t\t\t\t\t\t\t\t\t\t\t\t\t\t\t<\/div>\n\t\t\t\t\t<\/div>\n\t\t\t\t<\/div>\n\t\t<div class=\"elementor-element elementor-element-540bbea e-grid e-con-boxed e-con e-parent\" data-id=\"540bbea\" data-element_type=\"container\">\n\t\t\t\t\t<div class=\"e-con-inner\">\n\t\t\t\t<div class=\"elementor-element elementor-element-c492c78 elementor-widget elementor-widget-button\" data-id=\"c492c78\" data-element_type=\"widget\" data-widget_type=\"button.default\">\n\t\t\t\t\t\t\t\t\t\t<a class=\"elementor-button elementor-button-link elementor-size-sm\" href=\"https:\/\/gtplus.idl.pl\/str2025\/index.php\/packshot-wizualizacja-bryly-3d\/\">\n\t\t\t\t\t\t<span class=\"elementor-button-content-wrapper\">\n\t\t\t\t\t\t\t\t\t<span class=\"elementor-button-text\">Wi\u0119cej<\/span>\n\t\t\t\t\t<\/span>\n\t\t\t\t\t<\/a>\n\t\t\t\t\t\t\t\t<\/div>\n\t\t\t\t\t<\/div>\n\t\t\t\t<\/div>\n\t\t<div class=\"elementor-element elementor-element-4574106 e-grid e-con-boxed e-con e-parent\" data-id=\"4574106\" data-element_type=\"container\">\n\t\t\t\t\t<div class=\"e-con-inner\">\n\t\t\t\t<div class=\"elementor-element elementor-element-b32c1db elementor-widget elementor-widget-image\" data-id=\"b32c1db\" data-element_type=\"widget\" data-widget_type=\"image.default\">\n\t\t\t\t\t\t\t\t\t\t\t\t\t\t\t<img loading=\"lazy\" decoding=\"async\" width=\"800\" height=\"550\" src=\"https:\/\/gtplus.idl.pl\/str2025\/wp-content\/uploads\/2025\/09\/zdjecie-nr-6b-1024x704.jpg\" class=\"attachment-large size-large wp-image-330\" alt=\"\" srcset=\"https:\/\/gtplus.idl.pl\/str2025\/wp-content\/uploads\/2025\/09\/zdjecie-nr-6b-1024x704.jpg 1024w, https:\/\/gtplus.idl.pl\/str2025\/wp-content\/uploads\/2025\/09\/zdjecie-nr-6b-300x206.jpg 300w, https:\/\/gtplus.idl.pl\/str2025\/wp-content\/uploads\/2025\/09\/zdjecie-nr-6b-768x528.jpg 768w, https:\/\/gtplus.idl.pl\/str2025\/wp-content\/uploads\/2025\/09\/zdjecie-nr-6b.jpg 1476w\" sizes=\"(max-width: 800px) 100vw, 800px\" \/>\t\t\t\t\t\t\t\t\t\t\t\t\t\t\t<\/div>\n\t\t\t\t<div class=\"elementor-element elementor-element-28bbe92 elementor-widget elementor-widget-text-editor\" data-id=\"28bbe92\" data-element_type=\"widget\" data-widget_type=\"text-editor.default\">\n\t\t\t\t\t\t\t\t\t<div class=\"elementor-element elementor-element-ab21fef elementor-widget elementor-widget-text-editor\" data-id=\"ab21fef\" data-element_type=\"widget\" data-widget_type=\"text-editor.default\"><div class=\"page-header\"><h1 class=\"entry-title\">Wydruki sublimacyjne<\/h1><div class=\"elementor-element elementor-element-25152479 elementor-widget elementor-widget-text-editor\" data-id=\"25152479\" data-element_type=\"widget\" data-widget_type=\"text-editor.default\"><p>Sublimacja to technika druku, kt\u00f3ra pozwala przenosi\u0107 grafik\u0119 bezpo\u015brednio na materia\u0142,<br \/>zachowuj\u0105c pe\u0142ni\u0119 kolor\u00f3w i najwy\u017csz\u0105 trwa\u0142o\u015b\u0107. Dzi\u0119ki niej wzory nie spieraj\u0105 si\u0119, nie<br \/>p\u0119kaj\u0105 i pozostaj\u0105 intensywne nawet po wielu praniach.<\/p><p>W naszym studiu przygotowujemy profesjonalne wydruki sublimacyjne dopasowane do<br \/>wykroj\u00f3w odzie\u017cy oraz akcesori\u00f3w. Drukujemy zar\u00f3wno na pojedynczych sztukach, jak i<br \/>du\u017cych nak\u0142adach, zawsze dbaj\u0105c o precyzj\u0119 i jako\u015b\u0107 detali.<\/p><p><strong>Co zyskujesz dzi\u0119ki sublimacji?<\/strong><br \/>\u25cf nieograniczon\u0105 palet\u0119 barw i przej\u015bcia tonalne,<br \/>\u25cf wyj\u0105tkow\u0105 trwa\u0142o\u015b\u0107 nadruku,<br \/>\u25cf mo\u017cliwo\u015b\u0107 zadrukowania ca\u0142ej powierzchni odzie\u017cy (all over print),<br \/>\u25cf idealne odwzorowanie nawet najbardziej skomplikowanych grafik.<\/p><p><strong>Dlaczego my?<\/strong><br \/>\u2714 perfekcyjnie przygotowujemy pliki do druku na wykrojach,<br \/>\u2714 korzystamy ze sprawdzonych technologii i materia\u0142\u00f3w,<\/p><p>\u2714 \u0142\u0105czymy wiedz\u0119 graficzn\u0105 z do\u015bwiadczeniem produkcyjnym,<br \/>\u2714 wspieramy zar\u00f3wno projektant\u00f3w, jak i marki modowe w realizacji unikalnych kolekcji.<\/p><p>Z nami sublimacja to nie tylko druk \u2013 to narz\u0119dzie do tworzenia odzie\u017cy, kt\u00f3ra przyci\u0105ga<br \/>uwag\u0119 i wyr\u00f3\u017cnia si\u0119 na rynku.<\/p><\/div><\/div><\/div>\t\t\t\t\t\t\t\t<\/div>\n\t\t\t\t\t<\/div>\n\t\t\t\t<\/div>\n\t\t<div class=\"elementor-element elementor-element-f132a32 e-grid e-con-boxed e-con e-parent\" data-id=\"f132a32\" data-element_type=\"container\">\n\t\t\t\t\t<div class=\"e-con-inner\">\n\t\t\t\t<div class=\"elementor-element elementor-element-97afe7d elementor-widget-divider--view-line elementor-widget elementor-widget-divider\" data-id=\"97afe7d\" data-element_type=\"widget\" data-widget_type=\"divider.default\">\n\t\t\t\t\t\t\t<div class=\"elementor-divider\">\n\t\t\t<span class=\"elementor-divider-separator\">\n\t\t\t\t\t\t<\/span>\n\t\t<\/div>\n\t\t\t\t\t\t<\/div>\n\t\t\t\t<div class=\"elementor-element elementor-element-1ef58e3 elementor-align-right elementor-widget elementor-widget-button\" data-id=\"1ef58e3\" data-element_type=\"widget\" data-widget_type=\"button.default\">\n\t\t\t\t\t\t\t\t\t\t<a class=\"elementor-button elementor-button-link elementor-size-sm\" href=\"https:\/\/gtplus.idl.pl\/str2025\/index.php\/wydruki-sublimacyjne\/\">\n\t\t\t\t\t\t<span class=\"elementor-button-content-wrapper\">\n\t\t\t\t\t\t\t\t\t<span class=\"elementor-button-text\">Wi\u0119cej<\/span>\n\t\t\t\t\t<\/span>\n\t\t\t\t\t<\/a>\n\t\t\t\t\t\t\t\t<\/div>\n\t\t\t\t\t<\/div>\n\t\t\t\t<\/div>\n\t\t<div class=\"elementor-element elementor-element-cc15149 e-grid e-con-boxed e-con e-parent\" data-id=\"cc15149\" data-element_type=\"container\">\n\t\t\t\t\t<div class=\"e-con-inner\">\n\t\t\t\t<div class=\"elementor-element elementor-element-39f193e elementor-widget elementor-widget-text-editor\" data-id=\"39f193e\" data-element_type=\"widget\" data-widget_type=\"text-editor.default\">\n\t\t\t\t\t\t\t\t\t<div class=\"page-header\"><h1 class=\"entry-title\">Wydruki DTF<\/h1><\/div><p>Technologia DTF (Direct To Film) to nowoczesny spos\u00f3b nanoszenia grafik na odzie\u017c, kt\u00f3ry daje ogromn\u0105 swobod\u0119 projektowania. Wz\u00f3r drukowany jest na specjalnej folii, a nast\u0119pnie<br \/>przenoszony na tkanin\u0119 \u2013 dzi\u0119ki temu nadruki s\u0105 niezwykle trwa\u0142e, elastyczne i wiernie<br \/>odwzorowuj\u0105 detale.<\/p><p>W naszym studiu realizujemy wydruki DTF zar\u00f3wno na pojedynczych sztukach, jak i w<br \/>wi\u0119kszych nak\u0142adach. To idealne rozwi\u0105zanie do personalizacji ubra\u0144, kr\u00f3tkich serii oraz<br \/>kolekcji custom.<\/p><p><strong>Dlaczego warto wybra\u0107 DTF?<\/strong><br \/>\u25cf wysoka jako\u015b\u0107 i intensywne kolory,<br \/>\u25cf mo\u017cliwo\u015b\u0107 drukowania bardzo drobnych detali i przej\u015b\u0107 tonalnych,<br \/>\u25cf trwa\u0142o\u015b\u0107 nadruku \u2013 odporny na pranie i u\u017cytkowanie,<br \/>\u25cf uniwersalno\u015b\u0107 \u2013 druk na r\u00f3\u017cnych rodzajach tkanin (bawe\u0142na, poliester, mieszanki).<\/p><p><strong>Dlaczego my?<\/strong><br \/>\u2714 przygotowujemy pliki tak, aby efekt ko\u0144cowy by\u0142 perfekcyjny,<br \/>\u2714 dbamy o jako\u015b\u0107 nadruku od pierwszego do ostatniego detalu,<br \/>\u2714 wspieramy marki odzie\u017cowe, streetwearowe i projektant\u00f3w w realizacji unikalnych<br \/>kolekcji,<br \/>\u2714 oferujemy szybkie terminy i elastyczne podej\u015bcie \u2013 od pojedynczych projekt\u00f3w po<br \/>wi\u0119ksze serie.<\/p><p>Z nami druk DTF staje si\u0119 prostym sposobem na tworzenie odzie\u017cy, kt\u00f3ra przyci\u0105ga uwag\u0119 i<br \/>podkre\u015bla indywidualny charakter marki.<\/p>\t\t\t\t\t\t\t\t<\/div>\n\t\t\t\t<div class=\"elementor-element elementor-element-c1ac79b elementor-widget elementor-widget-image\" data-id=\"c1ac79b\" data-element_type=\"widget\" data-widget_type=\"image.default\">\n\t\t\t\t\t\t\t\t\t\t\t\t\t\t\t<img loading=\"lazy\" decoding=\"async\" width=\"800\" height=\"534\" src=\"https:\/\/gtplus.idl.pl\/str2025\/wp-content\/uploads\/2025\/09\/dtf-1024x684.jpg\" class=\"attachment-large size-large wp-image-391\" alt=\"\" srcset=\"https:\/\/gtplus.idl.pl\/str2025\/wp-content\/uploads\/2025\/09\/dtf-1024x684.jpg 1024w, https:\/\/gtplus.idl.pl\/str2025\/wp-content\/uploads\/2025\/09\/dtf-300x200.jpg 300w, https:\/\/gtplus.idl.pl\/str2025\/wp-content\/uploads\/2025\/09\/dtf-768x513.jpg 768w, https:\/\/gtplus.idl.pl\/str2025\/wp-content\/uploads\/2025\/09\/dtf-1536x1025.jpg 1536w, https:\/\/gtplus.idl.pl\/str2025\/wp-content\/uploads\/2025\/09\/dtf-2048x1367.jpg 2048w\" sizes=\"(max-width: 800px) 100vw, 800px\" \/>\t\t\t\t\t\t\t\t\t\t\t\t\t\t\t<\/div>\n\t\t\t\t\t<\/div>\n\t\t\t\t<\/div>\n\t\t<div class=\"elementor-element elementor-element-374e8e9 e-grid e-con-boxed e-con e-parent\" data-id=\"374e8e9\" data-element_type=\"container\">\n\t\t\t\t\t<div class=\"e-con-inner\">\n\t\t\t\t<div class=\"elementor-element elementor-element-89fd8dd elementor-widget elementor-widget-button\" data-id=\"89fd8dd\" data-element_type=\"widget\" data-widget_type=\"button.default\">\n\t\t\t\t\t\t\t\t\t\t<a class=\"elementor-button elementor-button-link elementor-size-sm\" href=\"https:\/\/gtplus.idl.pl\/str2025\/index.php\/wydruki-dtf\/\">\n\t\t\t\t\t\t<span class=\"elementor-button-content-wrapper\">\n\t\t\t\t\t\t\t\t\t<span class=\"elementor-button-text\">Wiecej<\/span>\n\t\t\t\t\t<\/span>\n\t\t\t\t\t<\/a>\n\t\t\t\t\t\t\t\t<\/div>\n\t\t\t\t\t<\/div>\n\t\t\t\t<\/div>\n\t\t\t\t<\/div>\n\t\t","protected":false},"excerpt":{"rendered":"<p>Projektowanie graficzne Tworzymy grafiki i nadruki, kt\u00f3re sprawiaj\u0105, \u017ce ubrania staj\u0105 si\u0119 niepowtarzalne. Ka\u017cdyprojekt to po\u0142\u0105czenie estetyki, trend\u00f3w i charakteru Twojej marki. Co robimy?\u25cf projektujemy wzory od podstaw,\u25cf od\u015bwie\u017camy istniej\u0105ce grafiki,\u25cf przygotowujemy ca\u0142e kolekcje nadruk\u00f3w,\u25cf tworzymy logotypy i znaki rozpoznawcze. Dlaczego my? Wz\u00f3r na ubraniu to cz\u0119sto pow\u00f3d, dla kt\u00f3rego klient si\u0119ga po dany produkt. [&hellip;]<\/p>\n","protected":false},"author":1,"featured_media":0,"parent":0,"menu_order":0,"comment_status":"closed","ping_status":"closed","template":"","meta":{"footnotes":""},"class_list":["post-229","page","type-page","status-publish","hentry"],"_links":{"self":[{"href":"https:\/\/gtplus.idl.pl\/str2025\/index.php\/wp-json\/wp\/v2\/pages\/229","targetHints":{"allow":["GET"]}}],"collection":[{"href":"https:\/\/gtplus.idl.pl\/str2025\/index.php\/wp-json\/wp\/v2\/pages"}],"about":[{"href":"https:\/\/gtplus.idl.pl\/str2025\/index.php\/wp-json\/wp\/v2\/types\/page"}],"author":[{"embeddable":true,"href":"https:\/\/gtplus.idl.pl\/str2025\/index.php\/wp-json\/wp\/v2\/users\/1"}],"replies":[{"embeddable":true,"href":"https:\/\/gtplus.idl.pl\/str2025\/index.php\/wp-json\/wp\/v2\/comments?post=229"}],"version-history":[{"count":49,"href":"https:\/\/gtplus.idl.pl\/str2025\/index.php\/wp-json\/wp\/v2\/pages\/229\/revisions"}],"predecessor-version":[{"id":447,"href":"https:\/\/gtplus.idl.pl\/str2025\/index.php\/wp-json\/wp\/v2\/pages\/229\/revisions\/447"}],"wp:attachment":[{"href":"https:\/\/gtplus.idl.pl\/str2025\/index.php\/wp-json\/wp\/v2\/media?parent=229"}],"curies":[{"name":"wp","href":"https:\/\/api.w.org\/{rel}","templated":true}]}}